{"id":3645,"date":"2021-11-16T21:48:10","date_gmt":"2021-11-16T21:48:10","guid":{"rendered":"https:\/\/ounaskievari.fi\/covid-19\/"},"modified":"2021-11-16T21:57:56","modified_gmt":"2021-11-16T21:57:56","slug":"covid-19-info","status":"publish","type":"page","link":"https:\/\/ounaskievari.fi\/en\/covid-19-info\/","title":{"rendered":"Covid-19 info"},"content":{"rendered":"<p>[et_pb_section fb_built=&#8221;1&#8243; _builder_version=&#8221;4.6.1&#8243; _module_preset=&#8221;default&#8221;][et_pb_row _builder_version=&#8221;4.6.1&#8243; _module_preset=&#8221;default&#8221;][et_pb_column type=&#8221;4_4&#8243; _builder_version=&#8221;4.6.1&#8243; _module_preset=&#8221;default&#8221;][et_pb_text _builder_version=&#8221;4.7.4&#8243; _module_preset=&#8221;default&#8221; hover_enabled=&#8221;0&#8243; sticky_enabled=&#8221;0&#8243;]<\/p>\n<h1><span style=\"font-weight: 400;\">COVID- 19 Instructions<\/span><\/h1>\n<ol>\n<li><span style=\"font-weight: 400;\">Be safe and visit us when you&#8217;re healthy.Let us known if somebody of your entourage has got sick.<\/span><\/li>\n<li><span style=\"font-weight: 400;\">Wash your hands and use disinfectant..<\/span><\/li>\n<li><span style=\"font-weight: 400;\"> Keep enough distance to others.<\/span><\/li>\n<li><span style=\"font-weight: 400;\">Use mask indoors.<\/span><\/li>\n<\/ol>\n<p>[\/et_pb_text][\/et_pb_column][\/et_pb_row][\/et_pb_section]<\/p>\n","protected":false},"excerpt":{"rendered":"<p>COVID- 19 Instructions Be safe and visit us when you&#8217;re healthy.Let us known if somebody of your entourage has got sick. Wash your hands and use disinfectant.. Keep enough distance to others. Use mask indoors.<\/p>\n","protected":false},"author":2,"featured_media":0,"parent":0,"menu_order":0,"comment_status":"closed","ping_status":"closed","template":"","meta":{"_et_pb_use_builder":"on","_et_pb_old_content":"","_et_gb_content_width":"","_monsterinsights_skip_tracking":false,"_monsterinsights_sitenote_active":false,"_monsterinsights_sitenote_note":"","_monsterinsights_sitenote_category":0,"footnotes":""},"class_list":["post-3645","page","type-page","status-publish","hentry"],"yoast_head":"<!-- This site is optimized with the Yoast SEO plugin v27.3 - https:\/\/yoast.com\/product\/yoast-seo-wordpress\/ -->\n<title>Covid-19 info - Ounaskievari<\/title>\n<meta name=\"robots\" content=\"index, follow, max-snippet:-1, max-image-preview:large, max-video-preview:-1\" \/>\n<link rel=\"canonical\" href=\"https:\/\/ounaskievari.fi\/en\/covid-19-info\/\" \/>\n<meta property=\"og:locale\" content=\"en_US\" \/>\n<meta property=\"og:type\" content=\"article\" \/>\n<meta property=\"og:title\" content=\"Covid-19 info - Ounaskievari\" \/>\n<meta property=\"og:description\" content=\"COVID- 19 Instructions Be safe and visit us when you&#039;re healthy.Let us known if somebody of your entourage has got sick. Wash your hands and use disinfectant.. Keep enough distance to others. Use mask indoors.\" \/>\n<meta property=\"og:url\" content=\"https:\/\/ounaskievari.fi\/en\/covid-19-info\/\" \/>\n<meta property=\"og:site_name\" content=\"Ounaskievari\" \/>\n<meta property=\"article:modified_time\" content=\"2021-11-16T21:57:56+00:00\" \/>\n<meta name=\"twitter:card\" content=\"summary_large_image\" \/>\n<script type=\"application\/ld+json\" class=\"yoast-schema-graph\">{\"@context\":\"https:\\\/\\\/schema.org\",\"@graph\":[{\"@type\":\"WebPage\",\"@id\":\"https:\\\/\\\/ounaskievari.fi\\\/en\\\/covid-19-info\\\/\",\"url\":\"https:\\\/\\\/ounaskievari.fi\\\/en\\\/covid-19-info\\\/\",\"name\":\"Covid-19 info - Ounaskievari\",\"isPartOf\":{\"@id\":\"https:\\\/\\\/ounaskievari.fi\\\/#website\"},\"datePublished\":\"2021-11-16T21:48:10+00:00\",\"dateModified\":\"2021-11-16T21:57:56+00:00\",\"breadcrumb\":{\"@id\":\"https:\\\/\\\/ounaskievari.fi\\\/en\\\/covid-19-info\\\/#breadcrumb\"},\"inLanguage\":\"en-US\",\"potentialAction\":[{\"@type\":\"ReadAction\",\"target\":[\"https:\\\/\\\/ounaskievari.fi\\\/en\\\/covid-19-info\\\/\"]}]},{\"@type\":\"BreadcrumbList\",\"@id\":\"https:\\\/\\\/ounaskievari.fi\\\/en\\\/covid-19-info\\\/#breadcrumb\",\"itemListElement\":[{\"@type\":\"ListItem\",\"position\":1,\"name\":\"Home\",\"item\":\"https:\\\/\\\/ounaskievari.fi\\\/en\\\/\"},{\"@type\":\"ListItem\",\"position\":2,\"name\":\"Covid-19 info\"}]},{\"@type\":\"WebSite\",\"@id\":\"https:\\\/\\\/ounaskievari.fi\\\/#website\",\"url\":\"https:\\\/\\\/ounaskievari.fi\\\/\",\"name\":\"Ounaskievari\",\"description\":\"Porotila K\u00f6nk\u00e4\u00e4ll\u00e4 l\u00e4hell\u00e4 Levi\u00e4\",\"publisher\":{\"@id\":\"https:\\\/\\\/ounaskievari.fi\\\/#organization\"},\"potentialAction\":[{\"@type\":\"SearchAction\",\"target\":{\"@type\":\"EntryPoint\",\"urlTemplate\":\"https:\\\/\\\/ounaskievari.fi\\\/?s={search_term_string}\"},\"query-input\":{\"@type\":\"PropertyValueSpecification\",\"valueRequired\":true,\"valueName\":\"search_term_string\"}}],\"inLanguage\":\"en-US\"},{\"@type\":\"Organization\",\"@id\":\"https:\\\/\\\/ounaskievari.fi\\\/#organization\",\"name\":\"Ounaskievari\",\"url\":\"https:\\\/\\\/ounaskievari.fi\\\/\",\"logo\":{\"@type\":\"ImageObject\",\"inLanguage\":\"en-US\",\"@id\":\"https:\\\/\\\/ounaskievari.fi\\\/#\\\/schema\\\/logo\\\/image\\\/\",\"url\":\"https:\\\/\\\/ounaskievari.fi\\\/wp-content\\\/uploads\\\/2020\\\/09\\\/logo2-1.png\",\"contentUrl\":\"https:\\\/\\\/ounaskievari.fi\\\/wp-content\\\/uploads\\\/2020\\\/09\\\/logo2-1.png\",\"width\":1158,\"height\":601,\"caption\":\"Ounaskievari\"},\"image\":{\"@id\":\"https:\\\/\\\/ounaskievari.fi\\\/#\\\/schema\\\/logo\\\/image\\\/\"}}]}<\/script>\n<!-- \/ Yoast SEO plugin. -->","yoast_head_json":{"title":"Covid-19 info - Ounaskievari","robots":{"index":"index","follow":"follow","max-snippet":"max-snippet:-1","max-image-preview":"max-image-preview:large","max-video-preview":"max-video-preview:-1"},"canonical":"https:\/\/ounaskievari.fi\/en\/covid-19-info\/","og_locale":"en_US","og_type":"article","og_title":"Covid-19 info - Ounaskievari","og_description":"COVID- 19 Instructions Be safe and visit us when you're healthy.Let us known if somebody of your entourage has got sick. Wash your hands and use disinfectant.. Keep enough distance to others. Use mask indoors.","og_url":"https:\/\/ounaskievari.fi\/en\/covid-19-info\/","og_site_name":"Ounaskievari","article_modified_time":"2021-11-16T21:57:56+00:00","twitter_card":"summary_large_image","schema":{"@context":"https:\/\/schema.org","@graph":[{"@type":"WebPage","@id":"https:\/\/ounaskievari.fi\/en\/covid-19-info\/","url":"https:\/\/ounaskievari.fi\/en\/covid-19-info\/","name":"Covid-19 info - Ounaskievari","isPartOf":{"@id":"https:\/\/ounaskievari.fi\/#website"},"datePublished":"2021-11-16T21:48:10+00:00","dateModified":"2021-11-16T21:57:56+00:00","breadcrumb":{"@id":"https:\/\/ounaskievari.fi\/en\/covid-19-info\/#breadcrumb"},"inLanguage":"en-US","potentialAction":[{"@type":"ReadAction","target":["https:\/\/ounaskievari.fi\/en\/covid-19-info\/"]}]},{"@type":"BreadcrumbList","@id":"https:\/\/ounaskievari.fi\/en\/covid-19-info\/#breadcrumb","itemListElement":[{"@type":"ListItem","position":1,"name":"Home","item":"https:\/\/ounaskievari.fi\/en\/"},{"@type":"ListItem","position":2,"name":"Covid-19 info"}]},{"@type":"WebSite","@id":"https:\/\/ounaskievari.fi\/#website","url":"https:\/\/ounaskievari.fi\/","name":"Ounaskievari","description":"Porotila K\u00f6nk\u00e4\u00e4ll\u00e4 l\u00e4hell\u00e4 Levi\u00e4","publisher":{"@id":"https:\/\/ounaskievari.fi\/#organization"},"potentialAction":[{"@type":"SearchAction","target":{"@type":"EntryPoint","urlTemplate":"https:\/\/ounaskievari.fi\/?s={search_term_string}"},"query-input":{"@type":"PropertyValueSpecification","valueRequired":true,"valueName":"search_term_string"}}],"inLanguage":"en-US"},{"@type":"Organization","@id":"https:\/\/ounaskievari.fi\/#organization","name":"Ounaskievari","url":"https:\/\/ounaskievari.fi\/","logo":{"@type":"ImageObject","inLanguage":"en-US","@id":"https:\/\/ounaskievari.fi\/#\/schema\/logo\/image\/","url":"https:\/\/ounaskievari.fi\/wp-content\/uploads\/2020\/09\/logo2-1.png","contentUrl":"https:\/\/ounaskievari.fi\/wp-content\/uploads\/2020\/09\/logo2-1.png","width":1158,"height":601,"caption":"Ounaskievari"},"image":{"@id":"https:\/\/ounaskievari.fi\/#\/schema\/logo\/image\/"}}]}},"_links":{"self":[{"href":"https:\/\/ounaskievari.fi\/en\/wp-json\/wp\/v2\/pages\/3645","targetHints":{"allow":["GET"]}}],"collection":[{"href":"https:\/\/ounaskievari.fi\/en\/wp-json\/wp\/v2\/pages"}],"about":[{"href":"https:\/\/ounaskievari.fi\/en\/wp-json\/wp\/v2\/types\/page"}],"author":[{"embeddable":true,"href":"https:\/\/ounaskievari.fi\/en\/wp-json\/wp\/v2\/users\/2"}],"replies":[{"embeddable":true,"href":"https:\/\/ounaskievari.fi\/en\/wp-json\/wp\/v2\/comments?post=3645"}],"version-history":[{"count":9,"href":"https:\/\/ounaskievari.fi\/en\/wp-json\/wp\/v2\/pages\/3645\/revisions"}],"predecessor-version":[{"id":3656,"href":"https:\/\/ounaskievari.fi\/en\/wp-json\/wp\/v2\/pages\/3645\/revisions\/3656"}],"wp:attachment":[{"href":"https:\/\/ounaskievari.fi\/en\/wp-json\/wp\/v2\/media?parent=3645"}],"curies":[{"name":"wp","href":"https:\/\/api.w.org\/{rel}","templated":true}]}}